{"id":3801,"date":"2014-10-16T00:56:52","date_gmt":"2014-10-15T22:56:52","guid":{"rendered":"https:\/\/www.cgsg.ch\/?page_id=3801"},"modified":"2019-04-20T17:33:51","modified_gmt":"2019-04-20T15:33:51","slug":"platzwart-panorama","status":"publish","type":"page","link":"https:\/\/www.cgsg.ch\/?page_id=3801","title":{"rendered":"Platzwart"},"content":{"rendered":"<p>Unser Platzwart Moritz Gisler ist Ansprechpartner f\u00fcr folgende Belange<\/p>\n<ul>\n<li>Probleme mit der Frisch-\/Abwasser-Versorgung, Stromversorgung<\/li>\n<li>Ausgabe von Tischen, B\u00e4nken usw.<\/li>\n<\/ul>\n<p>-&gt; <strong><a href=\"https:\/\/www.cgsg.ch\/wp-content\/uploads\/2019\/04\/2019P_Festmaterialausleihe-1.pdf\">Festmaterialausleihe DRUCKEN<\/a><\/strong><\/p>\n<p>Grunds\u00e4tzlich ist unser Platzwart f\u00fcr den Unterhalt der Anlagen auf dem Campingplatz zust\u00e4ndig.<br \/>\nSoweit m\u00f6glich&nbsp;f\u00fchrt er&nbsp;gerne Arbeiten wie Rasenm\u00e4hen, Hecken schneiden usw.<br \/>\nauf Ihrer Parzelle aus.&nbsp; Die Verrechnung erfolgt gegen Aufwand.<\/p>\n","protected":false},"excerpt":{"rendered":"<p>Unser Platzwart Moritz Gisler ist Ansprechpartner f\u00fcr folgende Belange Probleme mit der Frisch-\/Abwasser-Versorgung, Stromversorgung Ausgabe von Tischen, B\u00e4nken usw. -&gt; Festmaterialausleihe DRUCKEN Grunds\u00e4tzlich ist unser Platzwart f\u00fcr den Unterhalt der Anlagen auf dem Campingplatz zust\u00e4ndig. Soweit m\u00f6glich&nbsp;f\u00fchrt er&nbsp;gerne Arbeiten wie&hellip; <\/p>\n","protected":false},"author":2,"featured_media":0,"parent":289,"menu_order":0,"comment_status":"closed","ping_status":"closed","template":"","meta":{"ngg_post_thumbnail":0,"footnotes":""},"class_list":["post-3801","page","type-page","status-publish","hentry"],"_links":{"self":[{"href":"https:\/\/www.cgsg.ch\/index.php?rest_route=\/wp\/v2\/pages\/3801","targetHints":{"allow":["GET"]}}],"collection":[{"href":"https:\/\/www.cgsg.ch\/index.php?rest_route=\/wp\/v2\/pages"}],"about":[{"href":"https:\/\/www.cgsg.ch\/index.php?rest_route=\/wp\/v2\/types\/page"}],"author":[{"embeddable":true,"href":"https:\/\/www.cgsg.ch\/index.php?rest_route=\/wp\/v2\/users\/2"}],"replies":[{"embeddable":true,"href":"https:\/\/www.cgsg.ch\/index.php?rest_route=%2Fwp%2Fv2%2Fcomments&post=3801"}],"version-history":[{"count":13,"href":"https:\/\/www.cgsg.ch\/index.php?rest_route=\/wp\/v2\/pages\/3801\/revisions"}],"predecessor-version":[{"id":12616,"href":"https:\/\/www.cgsg.ch\/index.php?rest_route=\/wp\/v2\/pages\/3801\/revisions\/12616"}],"up":[{"embeddable":true,"href":"https:\/\/www.cgsg.ch\/index.php?rest_route=\/wp\/v2\/pages\/289"}],"wp:attachment":[{"href":"https:\/\/www.cgsg.ch\/index.php?rest_route=%2Fwp%2Fv2%2Fmedia&parent=3801"}],"curies":[{"name":"wp","href":"https:\/\/api.w.org\/{rel}","templated":true}]}}