{"id":289,"date":"2014-08-29T19:05:16","date_gmt":"2014-08-29T17:05:16","guid":{"rendered":"https:\/\/www.cgsg.ch\/?page_id=289"},"modified":"2025-04-26T10:18:41","modified_gmt":"2025-04-26T08:18:41","slug":"panorama","status":"publish","type":"page","link":"https:\/\/www.cgsg.ch\/?page_id=289","title":{"rendered":"Camping Panorama"},"content":{"rendered":"\t\t<div data-elementor-type=\"wp-page\" data-elementor-id=\"289\" class=\"elementor elementor-289\">\n\t\t\t\t<div class=\"elementor-element elementor-element-64978de4 e-flex e-con-boxed e-con e-parent\" data-id=\"64978de4\" data-element_type=\"container\" data-e-type=\"container\">\n\t\t\t\t\t<div class=\"e-con-inner\">\n\t\t\t\t<div class=\"elementor-element elementor-element-42d9dae9 elementor-widget elementor-widget-text-editor\" data-id=\"42d9dae9\" data-element_type=\"widget\" data-e-type=\"widget\" data-widget_type=\"text-editor.default\">\n\t\t\t\t<div class=\"elementor-widget-container\">\n\t\t\t\t\t\t\t\t\t<h1>Willkommen auf Panorama<\/h1>\n<p>Ideal f\u00fcr Sonnenanbeter, Erholungssuchende, Wassersportler, Biker, Inline-Skater und Wanderer.<\/p>\n<p>Moderne sanit\u00e4re Anlagen (Warmwasser, Duschen, Waschmaschinen, W\u00e4schetrockner, etc.).<\/p>\n<p>Machen Sie sich ein Bild von unserem Platz \u201ePanorama\u201c anhand des Parzellenplans:<\/p>\n<p><a href=\"https:\/\/www.cgsg.ch\/wp-content\/uploads\/2025\/04\/2025_P_Plan-Altnau_A1q_Version-22.04.2025.pdf\" target=\"_blank\" rel=\"noopener\">Parzellenplan Panorama (A1-Format)<\/a><\/p>\n<p><a href=\"https:\/\/www.cgsg.ch\/wp-content\/uploads\/2025\/04\/2025_P_Plan-Altnau-A4q_Version-22.04.2025.pdf\" target=\"_blank\" rel=\"noopener\">Parzellenplan Panorama (A4-Format)<\/a><\/p>\n<p>Camping Panorama, Beerliseggstrasse 2,\u00a0\u00a08595 Altnau TG<\/p>\n<p><strong>Auskunft \u00fcber Vermietung <\/strong>(nur f\u00fcr Dauermieter, es gibt\u00a0keine Touristenpl\u00e4tze)<\/p>\n<p><a href=\"mailto:panorama.vermietung@cgsg.ch\">panorama.vermietung@cgsg.ch<\/a><\/p>\n<p>Johanna Stark\u00a0 \u00a0Tel. 076 215 60 62 (Montag bis Freitag w\u00e4hrend den B\u00fcrozeiten)<\/p>\n<p><a href=\"https:\/\/www.cgsg.ch\/wp-content\/uploads\/2024\/04\/2024_P_Anmeldeformular-Panorama.pdf\">Anmeldeformular f\u00fcr Dauermieter<\/a><br \/>\u00a0<\/p>\n\t\t\t\t\t\t\t\t<\/div>\n\t\t\t\t<\/div>\n\t\t\t\t\t<\/div>\n\t\t\t\t<\/div>\n\t\t\t\t<\/div>\n\t\t","protected":false},"excerpt":{"rendered":"<p>Willkommen auf Panorama Ideal f\u00fcr Sonnenanbeter, Erholungssuchende, Wassersportler, Biker, Inline-Skater und Wanderer. Moderne sanit\u00e4re Anlagen (Warmwasser, Duschen, Waschmaschinen, W\u00e4schetrockner, etc.). Machen Sie sich ein Bild von unserem Platz \u201ePanorama\u201c anhand des Parzellenplans: Parzellenplan Panorama (A1-Format) Parzellenplan Panorama (A4-Format) Camping Panorama,&hellip; <\/p>\n","protected":false},"author":2,"featured_media":0,"parent":0,"menu_order":3,"comment_status":"closed","ping_status":"closed","template":"","meta":{"ngg_post_thumbnail":0,"footnotes":""},"class_list":["post-289","page","type-page","status-publish","hentry"],"_links":{"self":[{"href":"https:\/\/www.cgsg.ch\/index.php?rest_route=\/wp\/v2\/pages\/289","targetHints":{"allow":["GET"]}}],"collection":[{"href":"https:\/\/www.cgsg.ch\/index.php?rest_route=\/wp\/v2\/pages"}],"about":[{"href":"https:\/\/www.cgsg.ch\/index.php?rest_route=\/wp\/v2\/types\/page"}],"author":[{"embeddable":true,"href":"https:\/\/www.cgsg.ch\/index.php?rest_route=\/wp\/v2\/users\/2"}],"replies":[{"embeddable":true,"href":"https:\/\/www.cgsg.ch\/index.php?rest_route=%2Fwp%2Fv2%2Fcomments&post=289"}],"version-history":[{"count":47,"href":"https:\/\/www.cgsg.ch\/index.php?rest_route=\/wp\/v2\/pages\/289\/revisions"}],"predecessor-version":[{"id":16225,"href":"https:\/\/www.cgsg.ch\/index.php?rest_route=\/wp\/v2\/pages\/289\/revisions\/16225"}],"wp:attachment":[{"href":"https:\/\/www.cgsg.ch\/index.php?rest_route=%2Fwp%2Fv2%2Fmedia&parent=289"}],"curies":[{"name":"wp","href":"https:\/\/api.w.org\/{rel}","templated":true}]}}