{"id":2385,"date":"2014-09-29T18:25:18","date_gmt":"2014-09-29T16:25:18","guid":{"rendered":"https:\/\/www.cgsg.ch\/?page_id=2385"},"modified":"2026-04-08T20:57:55","modified_gmt":"2026-04-08T18:57:55","slug":"touristeninformation","status":"publish","type":"page","link":"https:\/\/www.cgsg.ch\/?page_id=2385","title":{"rendered":"Touristenpl\u00e4tze"},"content":{"rendered":"\t\t<div data-elementor-type=\"wp-page\" data-elementor-id=\"2385\" class=\"elementor elementor-2385\">\n\t\t\t\t<div class=\"elementor-element elementor-element-5a6827d6 e-flex e-con-boxed e-con e-parent\" data-id=\"5a6827d6\" data-element_type=\"container\" data-e-type=\"container\">\n\t\t\t\t\t<div class=\"e-con-inner\">\n\t\t\t\t<div class=\"elementor-element elementor-element-f872f7a elementor-widget elementor-widget-button\" data-id=\"f872f7a\" data-element_type=\"widget\" data-e-type=\"widget\" data-widget_type=\"button.default\">\n\t\t\t\t<div class=\"elementor-widget-container\">\n\t\t\t\t\t\t\t\t\t<div class=\"elementor-button-wrapper\">\n\t\t\t\t\t<a class=\"elementor-button elementor-button-link elementor-size-sm\" href=\"https:\/\/camping-idyll.ch\/\" target=\"_blank\">\n\t\t\t\t\t\t<span class=\"elementor-button-content-wrapper\">\n\t\t\t\t\t\t\t\t\t<span class=\"elementor-button-text\">Einfach und direkt buchen! &gt;&gt;&gt;<\/span>\n\t\t\t\t\t<\/span>\n\t\t\t\t\t<\/a>\n\t\t\t\t<\/div>\n\t\t\t\t\t\t\t\t<\/div>\n\t\t\t\t<\/div>\n\t\t\t\t<div class=\"elementor-element elementor-element-60163f7b elementor-widget elementor-widget-text-editor\" data-id=\"60163f7b\" data-element_type=\"widget\" data-e-type=\"widget\" data-widget_type=\"text-editor.default\">\n\t\t\t\t<div class=\"elementor-widget-container\">\n\t\t\t\t\t\t\t\t\t<h1><span style=\"font-family: Ubuntu, sans-serif; font-size: 30px; font-weight: normal; text-align: var(--text-align);\">Liebe G\u00e4ste<\/span><\/h1>\n<p><strong>Die Campingsaison 2026 l\u00e4uft seit dem 21. M\u00e4rz 2026 wieder.<\/strong><\/p>\n<p>M\u00f6chten Sie im Jahr 2026 die sch\u00f6nsten Wochen des Jahres wiederum im mediterranen Klima am Bodensee geniessen? Dann nutzen Sie jetzt die Gelegenheit und buchen Sie Ihren Touristenplatz \u00fcber unser neues Buchungstool.<\/p>\n<p>Radfahren, wandern, schwimmen &#8211; oder einfach nur relaxen &#8211; bei uns ist auch im Jahr 2026 alles m\u00f6glich!<\/p>\n<p>Auch in der Saison 2026 bieten wir wiederum 22 Touristenpl\u00e4tze an. Wir freuen uns auf Ihre Reservation.<\/p>\n<p>Hier finden Sie den\u00a0<a href=\"https:\/\/www.cgsg.ch\/wp-content\/uploads\/2025\/04\/2025_I_Plan-Altenrehin-A2q_Version-23.04.2025.pdf\">Parzellenplan<\/a><\/p>\n<h4><a href=\"https:\/\/camping-idyll.ch\/\"><b>Jetzt zur Anmeldung &gt;&gt;&gt;<\/b><\/a><\/h4>\n<p>\u00a0<\/p>\n<h2>Auszug aus der Platzordnung<\/h2>\n<div>\n<p><strong>Nachtruhe von 23.00\u00a0 bis 7.00 Uhr<\/strong><\/p>\n<p>W\u00e4hrend dieser Zeit d\u00fcrfen Motorfahrzeuge<\/p>\n<p>weder ein- noch ausfahren.<\/p>\n<p><strong>Mittagsruhe von 12.00 bis 13.30 Uhr\u00a0<\/strong><\/p>\n<p>Spielwiese, Tischtennis und Bad sind gesperrt.<\/p>\n<p>W\u00e4hrend der Mittagsruhe d\u00fcrfen keine Vorbauten<\/p>\n<p>und \/ oder Zelte aufgebaut werden<\/p>\n<p>Besten Dank f\u00fcr Ihr Verst\u00e4ndnis.<\/p>\n<p><strong>Hunde sind auf dem Platz an der Leine zu halten.<\/strong><\/p>\n<p><strong>Hundeverbot auf Sportplatz und Kinderspielplatz<\/strong>.<\/p>\n<p><strong>Check out bis 12.00 Uhr\u00a0<\/strong><\/p>\n<p>Sp\u00e4tere Abreise nur nach Absprache.<\/p>\n<h2>Unsere Preise <span style=\"font-size: 12pt;\">(in CHF pro Tag)<\/span><\/h2>\n<p>\n<table id=\"tablepress-11\" class=\"tablepress tablepress-id-11\">\n<tbody>\n<tr class=\"row-1\">\n\t<td class=\"column-1\">Kinder  \/ Enfants \/ Children \/ Regazzi<\/td><td class=\"column-2\"><6 Jahre<\/td><td class=\"column-3\">Gratis\u00a0\u00a0\u00a0<\/td>\n<\/tr>\n<tr class=\"row-2\">\n\t<td class=\"column-1\">Kinder  \/ Enfants \/ Children \/ Regazzi<\/td><td class=\"column-2\">6-15 Jahre<\/td><td class=\"column-3\">5.00\u00a0 *<\/td>\n<\/tr>\n<tr class=\"row-3\">\n\t<td class=\"column-1\">Person  \/ Personne\/Persoa<\/td><td class=\"column-2\">\u00a0>15 Jahre<\/td><td class=\"column-3\">8.00\u00a0 *<\/td>\n<\/tr>\n<tr class=\"row-4\">\n\t<td class=\"column-1\">Kurtaxe  \/ Taxe de jour \/ Visitors Tax \/ Tasse di soggiorno<\/td><td class=\"column-2\">> 12 Jahre<\/td><td class=\"column-3\">1.00<\/td>\n<\/tr>\n<tr class=\"row-5\">\n\t<td class=\"column-1\">Zelt  \/ Tente \/ Tent \/ Tenda<\/td><td class=\"column-2\"><\/td><td class=\"column-3\"><\/td>\n<\/tr>\n<tr class=\"row-6\">\n\t<td class=\"column-1\">Kl. Zelt\u00a0 < 3 Personen<\/td><td class=\"column-2\"><\/td><td class=\"column-3\">5.50<\/td>\n<\/tr>\n<tr class=\"row-7\">\n\t<td class=\"column-1\">Gr. Zelt\u00a0\u00a0\u00a0\u00a0 Hauszelt<\/td><td class=\"column-2\"><\/td><td class=\"column-3\">9.50<\/td>\n<\/tr>\n<tr class=\"row-8\">\n\t<td class=\"column-1\">Wohnwagen  \/ Caravan\u00a0\u00a0\u00a0\u00a0\u00a0\u00a0\u00a0 incl. Auto<\/td><td class=\"column-2\"><\/td><td class=\"column-3\">16.00<\/td>\n<\/tr>\n<tr class=\"row-9\">\n\t<td class=\"column-1\">Camper  \/ Camping Car \/ Motor-Caravan > 6m<\/td><td class=\"column-2\"><\/td><td class=\"column-3\">16.00<\/td>\n<\/tr>\n<tr class=\"row-10\">\n\t<td class=\"column-1\">Camper  \/ Camping Car \/ Motor-Caravan bis 6m<\/td><td class=\"column-2\"><\/td><td class=\"column-3\">13.00<\/td>\n<\/tr>\n<tr class=\"row-11\">\n\t<td class=\"column-1\">Auto  \/ Car \/ Automobile<\/td><td class=\"column-2\"><\/td><td class=\"column-3\">5.50<\/td>\n<\/tr>\n<tr class=\"row-12\">\n\t<td class=\"column-1\">Motorrad  \/ Motocyclette \/ Motor-cycle<\/td><td class=\"column-2\"><\/td><td class=\"column-3\">3.00<\/td>\n<\/tr>\n<tr class=\"row-13\">\n\t<td class=\"column-1\">Mofa \/ v\u00e9lomoteur \/ moped \/ ciclomotore<\/td><td class=\"column-2\"><\/td><td class=\"column-3\">3.00<\/td>\n<\/tr>\n<tr class=\"row-14\">\n\t<td class=\"column-1\">Strom  \/ Courant<\/td><td class=\"column-2\"><\/td><td class=\"column-3\">4.70<\/td>\n<\/tr>\n<tr class=\"row-15\">\n\t<td class=\"column-1\">Hunde erlaubt\u00a0 (an der Leine), pro Hund<\/td><td class=\"column-2\"><\/td><td class=\"column-3\">2.00<\/td>\n<\/tr>\n<\/tbody>\n<\/table>\n<\/p>\n<p>\n<table id=\"tablepress-15\" class=\"tablepress tablepress-id-15\">\n<tbody>\n<tr class=\"row-1\">\n\t<td class=\"column-1\"><\/td><td class=\"column-2\">* \u00a0\u00a0\u00a0 Campingausweis \/ Carnet Camping FICC AIT\u00a0\u00a0\u00a0 -10%<\/td>\n<\/tr>\n<tr class=\"row-2\">\n\t<td class=\"column-1\"><\/td><td class=\"column-2\">* \u00a0\u00a0\u00a0 > 10 N\u00e4chte\u00a0\u00a0\u00a0 -10%<\/td>\n<\/tr>\n<tr class=\"row-3\">\n\t<td class=\"column-1\"><\/td><td class=\"column-2\">* \u00a0\u00a0\u00a0 inklusive Baden, Duschen, Warmwasser, Entsorgungsgeb\u00fchren<\/td>\n<\/tr>\n<\/tbody>\n<\/table>\n<\/p>\n<\/div>\n<p><\/p>\t\t\t\t\t\t\t\t<\/div>\n\t\t\t\t<\/div>\n\t\t\t\t\t<\/div>\n\t\t\t\t<\/div>\n\t\t\t\t<\/div>\n\t\t","protected":false},"excerpt":{"rendered":"<p>Einfach und direkt buchen! &gt;&gt;&gt; Liebe G\u00e4ste Die Campingsaison 2026 l\u00e4uft seit dem 21. M\u00e4rz 2026 wieder. M\u00f6chten Sie im Jahr 2026 die sch\u00f6nsten Wochen des Jahres wiederum im mediterranen Klima am Bodensee geniessen? Dann nutzen Sie jetzt die Gelegenheit&hellip; <\/p>\n","protected":false},"author":2,"featured_media":0,"parent":291,"menu_order":0,"comment_status":"closed","ping_status":"closed","template":"","meta":{"ngg_post_thumbnail":0,"footnotes":""},"class_list":["post-2385","page","type-page","status-publish","hentry"],"_links":{"self":[{"href":"https:\/\/www.cgsg.ch\/index.php?rest_route=\/wp\/v2\/pages\/2385","targetHints":{"allow":["GET"]}}],"collection":[{"href":"https:\/\/www.cgsg.ch\/index.php?rest_route=\/wp\/v2\/pages"}],"about":[{"href":"https:\/\/www.cgsg.ch\/index.php?rest_route=\/wp\/v2\/types\/page"}],"author":[{"embeddable":true,"href":"https:\/\/www.cgsg.ch\/index.php?rest_route=\/wp\/v2\/users\/2"}],"replies":[{"embeddable":true,"href":"https:\/\/www.cgsg.ch\/index.php?rest_route=%2Fwp%2Fv2%2Fcomments&post=2385"}],"version-history":[{"count":73,"href":"https:\/\/www.cgsg.ch\/index.php?rest_route=\/wp\/v2\/pages\/2385\/revisions"}],"predecessor-version":[{"id":16710,"href":"https:\/\/www.cgsg.ch\/index.php?rest_route=\/wp\/v2\/pages\/2385\/revisions\/16710"}],"up":[{"embeddable":true,"href":"https:\/\/www.cgsg.ch\/index.php?rest_route=\/wp\/v2\/pages\/291"}],"wp:attachment":[{"href":"https:\/\/www.cgsg.ch\/index.php?rest_route=%2Fwp%2Fv2%2Fmedia&parent=2385"}],"curies":[{"name":"wp","href":"https:\/\/api.w.org\/{rel}","templated":true}]}}