{"id":2352,"date":"2014-09-28T23:24:03","date_gmt":"2014-09-28T21:24:03","guid":{"rendered":"https:\/\/www.cgsg.ch\/?page_id=2352"},"modified":"2026-02-28T14:07:29","modified_gmt":"2026-02-28T13:07:29","slug":"anlaesse-2014-idyll","status":"publish","type":"page","link":"https:\/\/www.cgsg.ch\/?page_id=2352","title":{"rendered":"Veranstaltungen"},"content":{"rendered":"\t\t<div data-elementor-type=\"wp-page\" data-elementor-id=\"2352\" class=\"elementor elementor-2352\">\n\t\t\t\t<div class=\"elementor-element elementor-element-8d7e638 e-flex e-con-boxed e-con e-parent\" data-id=\"8d7e638\" data-element_type=\"container\" data-e-type=\"container\">\n\t\t\t\t\t<div class=\"e-con-inner\">\n\t\t\t\t<div class=\"elementor-element elementor-element-79440d40 elementor-widget elementor-widget-text-editor\" data-id=\"79440d40\" data-element_type=\"widget\" data-e-type=\"widget\" data-widget_type=\"text-editor.default\">\n\t\t\t\t<div class=\"elementor-widget-container\">\n\t\t\t\t\t\t\t\t\t<p><strong style=\"font-size: 14px;\">Bevorstehende Veranstaltungen<\/strong><\/p>\n<p><div class=\"em em-view-container\" id=\"em-view-763259995\" data-view=\"list\">\r\n\t<div class=\"em pixelbones em-list em-events-list\" id=\"em-events-list-763259995\" data-view-id=\"763259995\">\r\n\t<table cellpadding=\"0\" cellspacing=\"0\" class=\"events-table\" >\r\n    <thead>\r\n        <tr>\r\n\t\t\t<th class=\"event-time\" width=\"200\">Datum\/Zeit<\/th>\r\n\t\t\t<th class=\"event-description\" width=\"*\">Anlass<\/th>\r\n\t\t<\/tr>\r\n   \t<\/thead>\r\n    <tbody><tr>\r\n\t\t\t<td>\r\n                <strong>Sa. 02.05.26<\/strong><br\/>\r\n                17:00 &#8211; 18:00\r\n            <\/td>\r\n            <td>\r\n                <a href=\"https:\/\/www.cgsg.ch\/?event=mieterversammlung-14\">Mieterversammlung<\/a>\r\n                <br\/><i>Camping Idyll, Altenrhein St.Gallen<\/i>\r\n            <\/td>\r\n        <\/tr><tr>\r\n\t\t\t<td>\r\n                <strong>So. 03.05.26<\/strong><br\/>\r\n                10:00 &#8211; 13:00\r\n            <\/td>\r\n            <td>\r\n                <a href=\"https:\/\/www.cgsg.ch\/?event=fruehschoppen-mit-the-riverstones-organisation-durch-die-restaurantpaechter-2\">Fr\u00fchschoppen mit &quot;The Riverstones&quot; (Organisation durch die Restaurantp\u00e4chter)<\/a>\r\n                <br\/><i>Camping Idyll, Altenrhein St.Gallen<\/i>\r\n            <\/td>\r\n        <\/tr><tr>\r\n\t\t\t<td>\r\n                <strong>Sa. 13.06.26<\/strong><br\/>\r\n                10:00 &#8211; 12:00\r\n            <\/td>\r\n            <td>\r\n                <a href=\"https:\/\/www.cgsg.ch\/?event=bocciaturnier-8\">Bocciaturnier<\/a>\r\n                <br\/><i>Camping Idyll, Altenrhein St.Gallen<\/i>\r\n            <\/td>\r\n        <\/tr><tr>\r\n\t\t\t<td>\r\n                <strong>Fr. 19.06.26<\/strong><br\/>\r\n                18:00 &#8211; 20:00\r\n            <\/td>\r\n            <td>\r\n                <a href=\"https:\/\/www.cgsg.ch\/?event=konzert-musikschule-altenrhein-organisation-durch-die-restaurantpaechter\">Konzert Musikschule Altenrhein (Organisation durch die Restaurantp\u00e4chter)<\/a>\r\n                <br\/><i>Camping Idyll, Altenrhein St.Gallen<\/i>\r\n            <\/td>\r\n        <\/tr><tr>\r\n\t\t\t<td>\r\n                <strong>Sa. 27.06.26<\/strong><br\/>\r\n                10:00 &#8211; 12:00\r\n            <\/td>\r\n            <td>\r\n                <a href=\"https:\/\/www.cgsg.ch\/?event=tischtennisturnier-8\">Tischtennisturnier<\/a>\r\n                <br\/><i>Camping Idyll, Altenrhein St.Gallen<\/i>\r\n            <\/td>\r\n        <\/tr><tr>\r\n\t\t\t<td>\r\n                <strong>Sa. 25.07.26<\/strong><br\/>\r\n                18:00 &#8211; 23:59\r\n            <\/td>\r\n            <td>\r\n                <a href=\"https:\/\/www.cgsg.ch\/?event=campingfest-6\">Campingfest<\/a>\r\n                <br\/><i>Camping Idyll, Altenrhein St.Gallen<\/i>\r\n            <\/td>\r\n        <\/tr><tr>\r\n\t\t\t<td>\r\n                <strong>Sa. 01.08.26<\/strong><br\/>\r\n                11:00 &#8211; 12:00\r\n            <\/td>\r\n            <td>\r\n                <a href=\"https:\/\/www.cgsg.ch\/?event=1-august-apero-4\">1. August \/ Ap\u00e9ro<\/a>\r\n                <br\/><i>Camping Idyll, Altenrhein St.Gallen<\/i>\r\n            <\/td>\r\n        <\/tr><tr>\r\n\t\t\t<td>\r\n                <strong>Sa. 01.08.26<\/strong><br\/>\r\n                21:15 &#8211; 22:00\r\n            <\/td>\r\n            <td>\r\n                <a href=\"https:\/\/www.cgsg.ch\/?event=1-august-lampionumzug-4\">1. August \/ Lampionumzug<\/a>\r\n                <br\/><i>Camping Idyll, Altenrhein St.Gallen<\/i>\r\n            <\/td>\r\n        <\/tr><tr>\r\n\t\t\t<td>\r\n                <strong>So. 02.08.26<\/strong><br\/>\r\n                9:30 &#8211; 16:00\r\n            <\/td>\r\n            <td>\r\n                <a href=\"https:\/\/www.cgsg.ch\/?event=fussball-platzturnier-4\">Fussball Platzturnier<\/a>\r\n                <br\/><i>Camping Idyll, Altenrhein St.Gallen<\/i>\r\n            <\/td>\r\n        <\/tr><tr>\r\n\t\t\t<td>\r\n                <strong>Fr. 21.08.26<\/strong><br\/>\r\n                17:00 &#8211; 21:00\r\n            <\/td>\r\n            <td>\r\n                <a href=\"https:\/\/www.cgsg.ch\/?event=daemmerschoppen-mit-buremusik-engelburg-organisation-durch-die-restaurantpaechter\">D\u00e4mmerschoppen mit &quot;Buremusik Engelburg&quot; (Organisation durch die Restaurantp\u00e4chter)<\/a>\r\n                <br\/><i>Camping Idyll, Altenrhein St.Gallen<\/i>\r\n            <\/td>\r\n        <\/tr><tr>\r\n\t\t\t<td>\r\n                <strong>Sa. 26.09.26<\/strong><br\/>\r\n                18:00 &#8211; 23:59\r\n            <\/td>\r\n            <td>\r\n                <a href=\"https:\/\/www.cgsg.ch\/?event=oktoberfest-organisation-durch-die-restaurantpaechter-2\">Oktoberfest mit den &quot;Gaudikrainer&quot; (Organisation durch die Restaurantp\u00e4chter)<\/a>\r\n                <br\/><i>Camping Idyll, Altenrhein St.Gallen<\/i>\r\n            <\/td>\r\n        <\/tr><tr>\r\n\t\t\t<td>\r\n                <strong>So. 04.10.26<\/strong><br\/>\r\n                8:00 &#8211; 20:00\r\n            <\/td>\r\n            <td>\r\n                <a href=\"https:\/\/www.cgsg.ch\/?event=saisonschluss-idyll\">Saisonschluss Idyll<\/a>\r\n                <br\/><i>Camping Idyll, Altenrhein St.Gallen<\/i>\r\n            <\/td>\r\n        <\/tr><\/tbody><\/table>\t<\/div>\r\n<\/div><\/p>\n<p><a href=\"https:\/\/www.cgsg.ch\/wp-content\/uploads\/2026\/02\/2026_I_Jahresprogramm-2026.pdf\">Veranstaltungsprogramm 2026<\/a> (Version vom 28.02.2026)<\/p>\n<p>\u00a0<\/p>\n<p><strong>Zusatzangebote auf dem Camping Idyll<\/strong><\/p>\n<p>Zus\u00e4tzlich laden unsere P\u00e4chter zu folgenden Anl\u00e4ssen ein:<\/p>\n<ul>\n<li>29. M\u00e4rz 2026: &#8222;10ti Saison im Idyll&#8220;-Fescht mit &#8222;Gaudikrainer&#8220;<\/li>\n<li>3. Mai 2026: Fr\u00fchschoppen mit &#8222;The Riverstones&#8220;<\/li>\n<li>19. Juni 2026: Konzert Musikschule Altenrhein<\/li>\n<li>21. August 2026: D\u00e4mmerschoppen mit &#8222;Buremusik Engelburg&#8220;<\/li>\n<li>26. September 2026: Oktoberfest mit &#8222;Gaudikrainer&#8220;<\/li>\n<\/ul>\n<p>Wir w\u00fcnschen bereits heute viel Vergn\u00fcgen und hoffen auf eine zahlreiche Teilnahme.<\/p>\n<p><\/p>\t\t\t\t\t\t\t\t<\/div>\n\t\t\t\t<\/div>\n\t\t\t\t\t<\/div>\n\t\t\t\t<\/div>\n\t\t\t\t<\/div>\n\t\t","protected":false},"excerpt":{"rendered":"<p>Bevorstehende Veranstaltungen Veranstaltungsprogramm 2026 (Version vom 28.02.2026) \u00a0 Zusatzangebote auf dem Camping Idyll Zus\u00e4tzlich laden unsere P\u00e4chter zu folgenden Anl\u00e4ssen ein: 29. M\u00e4rz 2026: &#8222;10ti Saison im Idyll&#8220;-Fescht mit &#8222;Gaudikrainer&#8220; 3. Mai 2026: Fr\u00fchschoppen mit &#8222;The Riverstones&#8220; 19. Juni 2026:&hellip; <\/p>\n","protected":false},"author":2,"featured_media":0,"parent":291,"menu_order":0,"comment_status":"closed","ping_status":"closed","template":"","meta":{"ngg_post_thumbnail":0,"footnotes":""},"class_list":["post-2352","page","type-page","status-publish","hentry"],"_links":{"self":[{"href":"https:\/\/www.cgsg.ch\/index.php?rest_route=\/wp\/v2\/pages\/2352","targetHints":{"allow":["GET"]}}],"collection":[{"href":"https:\/\/www.cgsg.ch\/index.php?rest_route=\/wp\/v2\/pages"}],"about":[{"href":"https:\/\/www.cgsg.ch\/index.php?rest_route=\/wp\/v2\/types\/page"}],"author":[{"embeddable":true,"href":"https:\/\/www.cgsg.ch\/index.php?rest_route=\/wp\/v2\/users\/2"}],"replies":[{"embeddable":true,"href":"https:\/\/www.cgsg.ch\/index.php?rest_route=%2Fwp%2Fv2%2Fcomments&post=2352"}],"version-history":[{"count":77,"href":"https:\/\/www.cgsg.ch\/index.php?rest_route=\/wp\/v2\/pages\/2352\/revisions"}],"predecessor-version":[{"id":16640,"href":"https:\/\/www.cgsg.ch\/index.php?rest_route=\/wp\/v2\/pages\/2352\/revisions\/16640"}],"up":[{"embeddable":true,"href":"https:\/\/www.cgsg.ch\/index.php?rest_route=\/wp\/v2\/pages\/291"}],"wp:attachment":[{"href":"https:\/\/www.cgsg.ch\/index.php?rest_route=%2Fwp%2Fv2%2Fmedia&parent=2352"}],"curies":[{"name":"wp","href":"https:\/\/api.w.org\/{rel}","templated":true}]}}