{"id":2,"date":"2014-08-28T13:29:43","date_gmt":"2014-08-28T11:29:43","guid":{"rendered":"https:\/\/www.cgsg.ch\/?page_id=2"},"modified":"2026-03-07T21:04:33","modified_gmt":"2026-03-07T20:04:33","slug":"beispiel-seite","status":"publish","type":"page","link":"https:\/\/www.cgsg.ch\/","title":{"rendered":"Willkommen bei der CGSG"},"content":{"rendered":"\t\t<div data-elementor-type=\"wp-page\" data-elementor-id=\"2\" class=\"elementor elementor-2\">\n\t\t\t\t<div class=\"elementor-element elementor-element-23638556 e-con-full e-flex e-con e-parent\" data-id=\"23638556\" data-element_type=\"container\" data-e-type=\"container\">\n\t\t\t\t<div class=\"elementor-element elementor-element-454a522 elementor-widget elementor-widget-button\" data-id=\"454a522\" data-element_type=\"widget\" data-e-type=\"widget\" data-widget_type=\"button.default\">\n\t\t\t\t<div class=\"elementor-widget-container\">\n\t\t\t\t\t\t\t\t\t<div class=\"elementor-button-wrapper\">\n\t\t\t\t\t<a class=\"elementor-button elementor-button-link elementor-size-sm\" href=\"https:\/\/camping-idyll.ch\/\" target=\"_blank\">\n\t\t\t\t\t\t<span class=\"elementor-button-content-wrapper\">\n\t\t\t\t\t\t\t\t\t<span class=\"elementor-button-text\">NEU: Camping Idyll - Jetzt online buchen &gt;&gt;&gt;<\/span>\n\t\t\t\t\t<\/span>\n\t\t\t\t\t<\/a>\n\t\t\t\t<\/div>\n\t\t\t\t\t\t\t\t<\/div>\n\t\t\t\t<\/div>\n\t\t\t\t<div class=\"elementor-element elementor-element-d26ff07 elementor-widget elementor-widget-text-editor\" data-id=\"d26ff07\" data-element_type=\"widget\" data-e-type=\"widget\" data-widget_type=\"text-editor.default\">\n\t\t\t\t<div class=\"elementor-widget-container\">\n\t\t\t\t\t\t\t\t\t<h5 style=\"text-align: left;\">Die n\u00e4chste Veranstaltung &#8230;..<\/h5><p style=\"text-align: left;\">\n<table id=\"tablepress-13\" class=\"tablepress tablepress-id-13\">\n<tbody class=\"row-hover\">\n<tr class=\"row-1\">\n\t<td class=\"column-1\"><strong>Panorama<br \/>\n<\/td><td class=\"column-2\"><div class=\"em em-view-container\" id=\"em-view-328419139\" data-view=\"list\">\r\n\t<div class=\"em pixelbones em-list em-events-list\" id=\"em-events-list-328419139\" data-view-id=\"328419139\">\r\n\t23.05.26 10:30 &#8211; 17:00 -> <a href=\"https:\/\/www.cgsg.ch\/?event=velotour-4\">Velotour<\/a><br\/>\t<\/div>\r\n<\/div><br \/>\n<\/td><td class=\"column-3\">Der Anlass findet statt!<\/td>\n<\/tr>\n<tr class=\"row-2\">\n\t<td class=\"column-1\"><strong>Idyll<\/td><td class=\"column-2\"><div class=\"em em-view-container\" id=\"em-view-1916884973\" data-view=\"list\">\r\n\t<div class=\"em pixelbones em-list em-events-list\" id=\"em-events-list-1916884973\" data-view-id=\"1916884973\">\r\n\t13.06.26 10:00 &#8211; 12:00 -> <a href=\"https:\/\/www.cgsg.ch\/?event=bocciaturnier-8\">Bocciaturnier<\/a><br\/>\t<\/div>\r\n<\/div><br \/>\n<\/td><td class=\"column-3\">Der Anlass findet statt!<\/td>\n<\/tr>\n<\/tbody>\n<\/table>\n<\/p>\t\t\t\t\t\t\t\t<\/div>\n\t\t\t\t<\/div>\n\t\t<div class=\"elementor-element elementor-element-2c4d82d e-flex e-con-boxed e-con e-child\" data-id=\"2c4d82d\" data-element_type=\"container\" data-e-type=\"container\">\n\t\t\t\t\t<div class=\"e-con-inner\">\n\t\t\t\t<div class=\"elementor-element elementor-element-b643f2c elementor-widget elementor-widget-text-editor\" data-id=\"b643f2c\" data-element_type=\"widget\" data-e-type=\"widget\" data-widget_type=\"text-editor.default\">\n\t\t\t\t<div class=\"elementor-widget-container\">\n\t\t\t\t\t\t\t\t\t<h5>Aktuelle Beitr\u00e4ge und \u00e4ltere News<\/h5><p>Neu befinden sich die Mitteilungen der Genossenschaft zu den beiden Campingpl\u00e4tzen &#8222;Idyll&#8220; und &#8222;Panorama&#8220; unter &#8222;Beitr\u00e4ge&#8220;. Dies erm\u00f6glicht es, die neuesten Beitr\u00e4ge einzusehen, aber auch \u00e4ltere Beitr\u00e4ge abzurufen.<\/p><p><a href=\"https:\/\/www.cgsg.ch\/?page_id=16539\">Beitr\u00e4ge \/ Neuigkeiten<\/a><\/p><p><span style=\"font-size: 14px; text-align: var(--text-align);\">Zudem werden die neuesten Beitr\u00e4ge unten direkt verlinkt.<\/span><\/p>\t\t\t\t\t\t\t\t<\/div>\n\t\t\t\t<\/div>\n\t\t\t\t\t<\/div>\n\t\t\t\t<\/div>\n\t\t\t\t<div class=\"elementor-element elementor-element-e70ed89 elementor-widget elementor-widget-wp-widget-recent-posts\" data-id=\"e70ed89\" data-element_type=\"widget\" data-e-type=\"widget\" data-widget_type=\"wp-widget-recent-posts.default\">\n\t\t\t\t<div class=\"elementor-widget-container\">\n\t\t\t\t\t\n\t\t\n\t\t<h5>Neueste Beitr\u00e4ge<\/h5>\n\t\t<ul>\n\t\t\t\t\t\t\t\t\t\t\t<li>\n\t\t\t\t\t<a href=\"https:\/\/www.cgsg.ch\/?p=16722\">Faustball-Turnier in G\u00fcttingen am 25. April 2026<\/a>\n\t\t\t\t\t\t\t\t\t\t\t<span class=\"post-date\">14.04.26<\/span>\n\t\t\t\t\t\t\t\t\t<\/li>\n\t\t\t\t\t\t\t\t\t\t\t<li>\n\t\t\t\t\t<a href=\"https:\/\/www.cgsg.ch\/?p=16719\">Information zur Mieterversammlung Panorama<\/a>\n\t\t\t\t\t\t\t\t\t\t\t<span class=\"post-date\">14.04.26<\/span>\n\t\t\t\t\t\t\t\t\t<\/li>\n\t\t\t\t\t\t\t\t\t\t\t<li>\n\t\t\t\t\t<a href=\"https:\/\/www.cgsg.ch\/?p=16686\">Wasser auf s\u00e4mtlichen Parzellen verf\u00fcgbar &#8211; Panorama<\/a>\n\t\t\t\t\t\t\t\t\t\t\t<span class=\"post-date\">24.03.26<\/span>\n\t\t\t\t\t\t\t\t\t<\/li>\n\t\t\t\t\t\t\t\t\t\t\t<li>\n\t\t\t\t\t<a href=\"https:\/\/www.cgsg.ch\/?p=16677\">Wasser auf s\u00e4mtlichen Parzellen verf\u00fcgbar &#8211; Idyll<\/a>\n\t\t\t\t\t\t\t\t\t\t\t<span class=\"post-date\">19.03.26<\/span>\n\t\t\t\t\t\t\t\t\t<\/li>\n\t\t\t\t\t\t\t\t\t\t\t<li>\n\t\t\t\t\t<a href=\"https:\/\/www.cgsg.ch\/?p=16655\">Seeuferreinigung Panorama<\/a>\n\t\t\t\t\t\t\t\t\t\t\t<span class=\"post-date\">07.03.26<\/span>\n\t\t\t\t\t\t\t\t\t<\/li>\n\t\t\t\t\t\t\t\t\t\t\t<li>\n\t\t\t\t\t<a href=\"https:\/\/www.cgsg.ch\/?p=16645\">Gaskontrolle 2026 auf Campingplatz Idyll<\/a>\n\t\t\t\t\t\t\t\t\t\t\t<span class=\"post-date\">28.02.26<\/span>\n\t\t\t\t\t\t\t\t\t<\/li>\n\t\t\t\t\t\t\t\t\t\t\t<li>\n\t\t\t\t\t<a href=\"https:\/\/www.cgsg.ch\/?p=16642\">Fr\u00fchlingsbriefe 2026<\/a>\n\t\t\t\t\t\t\t\t\t\t\t<span class=\"post-date\">28.02.26<\/span>\n\t\t\t\t\t\t\t\t\t<\/li>\n\t\t\t\t\t\t\t\t\t\t\t<li>\n\t\t\t\t\t<a href=\"https:\/\/www.cgsg.ch\/?p=16618\">Veranstaltungsprogramm 2026 &#8211; Panorama<\/a>\n\t\t\t\t\t\t\t\t\t\t\t<span class=\"post-date\">25.02.26<\/span>\n\t\t\t\t\t\t\t\t\t<\/li>\n\t\t\t\t\t\t\t\t\t\t\t<li>\n\t\t\t\t\t<a href=\"https:\/\/www.cgsg.ch\/?p=16592\">Veranstaltungsprogramm 2026 &#8211; Idyll<\/a>\n\t\t\t\t\t\t\t\t\t\t\t<span class=\"post-date\">17.02.26<\/span>\n\t\t\t\t\t\t\t\t\t<\/li>\n\t\t\t\t\t\t\t\t\t\t\t<li>\n\t\t\t\t\t<a href=\"https:\/\/www.cgsg.ch\/?p=16575\">Mieterversammlung Panorama<\/a>\n\t\t\t\t\t\t\t\t\t\t\t<span class=\"post-date\">17.02.26<\/span>\n\t\t\t\t\t\t\t\t\t<\/li>\n\t\t\t\t\t<\/ul>\n\n\t\t\t\t\t\t<\/div>\n\t\t\t\t<\/div>\n\t\t\t\t<\/div>\n\t\t\t\t<\/div>\n\t\t","protected":false},"excerpt":{"rendered":"<p>NEU: Camping Idyll &#8211; Jetzt online buchen &gt;&gt;&gt; Die n\u00e4chste Veranstaltung &#8230;.. Aktuelle Beitr\u00e4ge und \u00e4ltere News Neu befinden sich die Mitteilungen der Genossenschaft zu den beiden Campingpl\u00e4tzen &#8222;Idyll&#8220; und &#8222;Panorama&#8220; unter &#8222;Beitr\u00e4ge&#8220;. Dies erm\u00f6glicht es, die neuesten Beitr\u00e4ge einzusehen,&hellip; <\/p>\n","protected":false},"author":1,"featured_media":0,"parent":0,"menu_order":0,"comment_status":"closed","ping_status":"closed","template":"","meta":{"ngg_post_thumbnail":0,"footnotes":""},"class_list":["post-2","page","type-page","status-publish","hentry"],"_links":{"self":[{"href":"https:\/\/www.cgsg.ch\/index.php?rest_route=\/wp\/v2\/pages\/2","targetHints":{"allow":["GET"]}}],"collection":[{"href":"https:\/\/www.cgsg.ch\/index.php?rest_route=\/wp\/v2\/pages"}],"about":[{"href":"https:\/\/www.cgsg.ch\/index.php?rest_route=\/wp\/v2\/types\/page"}],"author":[{"embeddable":true,"href":"https:\/\/www.cgsg.ch\/index.php?rest_route=\/wp\/v2\/users\/1"}],"replies":[{"embeddable":true,"href":"https:\/\/www.cgsg.ch\/index.php?rest_route=%2Fwp%2Fv2%2Fcomments&post=2"}],"version-history":[{"count":264,"href":"https:\/\/www.cgsg.ch\/index.php?rest_route=\/wp\/v2\/pages\/2\/revisions"}],"predecessor-version":[{"id":16668,"href":"https:\/\/www.cgsg.ch\/index.php?rest_route=\/wp\/v2\/pages\/2\/revisions\/16668"}],"wp:attachment":[{"href":"https:\/\/www.cgsg.ch\/index.php?rest_route=%2Fwp%2Fv2%2Fmedia&parent=2"}],"curies":[{"name":"wp","href":"https:\/\/api.w.org\/{rel}","templated":true}]}}