{"id":15762,"date":"2024-03-03T14:08:54","date_gmt":"2024-03-03T13:08:54","guid":{"rendered":"https:\/\/www.cgsg.ch\/?page_id=15762"},"modified":"2024-03-03T14:08:55","modified_gmt":"2024-03-03T13:08:55","slug":"datenschutz","status":"publish","type":"page","link":"https:\/\/www.cgsg.ch\/?page_id=15762","title":{"rendered":"Datenschutz"},"content":{"rendered":"\n\n\n<p><strong>Informationen zum Datenschutz<\/strong><\/p>\n<p>Das Thema Datenschutz ist uns sehr wichtig. An dieser Stelle finden Sie wertvolle Informationen zu Ihrem pers\u00f6nlichen Datenschutz. Unsere ausf\u00fchrliche Datenschutzerkl\u00e4rung finden Sie unter dem folgenden Link.<\/p>\n<p><strong>Betrieb der Website und welche Daten der Betreiber speichert<\/strong><\/p>\n<p>Hosting-Betreiber und Datenspeicherort: Go East GmbH, Oberstrasse 222, 9014 St. Gallen<\/p>\n<p>Der Provider der Seiten erhebt und speichert automatisch Informationen in so genannten Server-Log Files, die Ihr Browser automatisch an uns \u00fcbermittelt.<\/p>\n<p>Zu den Zugriffsdaten geh\u00f6ren:<\/p>\n<ul>\n<li>Name der abgerufenen Webseite<\/li>\n<li>Datum und Uhrzeit des Abrufs<\/li>\n<li>\u00fcbertragene Datenmenge<\/li>\n<li>Meldung \u00fcber erfolgreichen Abruf<\/li>\n<li>Browsertyp nebst Version, das Betriebssystem des Nutzers<\/li>\n<li>Referrer URL (die auf unsere Webseite verweisende URL, z.B. Google Suche)<\/li>\n<li>IP-Adresse und der anfragende Provider.<\/li>\n<\/ul>\n<p>Der Anbieter verwendet die Protokolldaten nur f\u00fcr statistische Auswertungen zum Zweck des Betriebs, der Sicherheit und der Optimierung des Angebotes. Der Anbieter beh\u00e4lt sich jedoch vor, die Protokolldaten nachtr\u00e4glich zu \u00fcberpr\u00fcfen, wenn auf Grund konkreter Anhaltspunkte der berechtigte Verdacht einer rechtswidrigen Nutzung besteht.<\/p>\n<p><strong>Was geschieht, wenn Sie uns eine E-Mail senden?<\/strong><br>E-Mail-Betreiber und Datenspeicherort: Go East GmbH, Oberstrasse 222,9014 St. Gallen<\/p>\n<p>Im Falle einer Kontaktaufnahme via E-Mail, wird Ihre Nachricht an den Betreiber unseres Mail-Hostings weitergeleitet. Ein Mail-Hosting ist eine Art von Hosting-Dienstleistung, die sich speziell auf die Bereitstellung von E-Mail-Funktionen konzentriert. Diese erm\u00f6glicht es Einzelpersonen, Unternehmen und Organisationen, E-Mail-Konten zu erstellen und zu verwalten, die mit ihrem Dom\u00e4nennamen (z.B. info@cgsg.ch) verbunden sind.<\/p>\n<p>Mail-Hosting-Anbieter bieten in der Regel E-Mail-Dienste mit Funktionen wie Spam-Filterung, Virenschutz, Webmail-Zugang und der M\u00f6glichkeit, E-Mail-Clients wie Outlook oder Thunderbird zu verwenden. Diese Art von Hosting ist Teil eines gr\u00f6sseren Hosting-Pakets, wie z. B. Webhosting oder Domain-Hosting, oder wird als eigenst\u00e4ndiger Dienst angeboten.<\/p>\n<p>Es ist eine bequeme L\u00f6sung f\u00fcr diejenigen, die einen professionellen E-Mail-Dienst mit einem eigenen Dom\u00e4nennamen ben\u00f6tigen. Die Aufbewahrung der Nachrichten wird individuell behandelt. Im Normalfall archivieren wir Ihre Nachrichten f\u00fcr die Nachvollziehbarkeit vergangener Anfragen, z.B. bei Nachfragen zu erledigten Auftr\u00e4gen, Reklamationen oder \u00e4hnliches. Zudem gibt es f\u00fcr den Betrieb eines Mail-Hostings Vorgaben, welche Daten aus Sicherheitsgr\u00fcnden erhoben und aufbewahrt werden m\u00fcssen.<\/p>\n<p><strong>Wie gehen wir mit personenbezogenen Daten um?<br><\/strong>Personenbezogene Daten sind Informationen, mit deren Hilfe eine Person bestimmbar ist, also Angaben, die zur\u00fcck zu einer Person verfolgt werden k\u00f6nnen. Dazu geh\u00f6ren der Name, die Emailadresse oder die Telefonnummer. Aber auch Daten \u00fcber Vorlieben, Hobbies, Mitgliedschaften oder welche Webseiten von jemandem angesehen wurden, z\u00e4hlen zu personenbezogenen Daten. Personenbezogene Daten werden von dem Anbieter nur dann erhoben, genutzt und weitergegeben, wenn dies gesetzlich erlaubt ist oder die Nutzer in die Datenerhebung einwilligen.<\/p>\n<p><strong>Wie sch\u00fctzen wir Ihre personenbezogenen Daten?<br><\/strong>Wir haben technische und organisatorische Sicherheitsmassnahmen getroffen, um Ihre personenbezogenen Daten vor Verlust, Zerst\u00f6rung, Manipulation und unberechtigtem Zugriff zu sch\u00fctzen. Unsere Sicherungsmassnahmen werden entsprechend der technologischen Entwicklung fortlaufend \u00fcberarbeitet und optimiert.<\/p>\n<p><strong>Was speichern wir bei einer Kontaktanfrage Ihrerseits?<br><\/strong>Bei der Kontaktaufnahme \u00fcber unser Kontaktformular werden die Angaben des Nutzers zwecks Bearbeitung der Anfrage sowie f\u00fcr den Fall, dass Anschlussfragen entstehen, gespeichert. Diese Daten geben wir nicht ohne Ihre Einwilligung weiter.<\/p>\n<p><strong>Einbindung von Diensten und Inhalten Dritter<br><\/strong>Es kann vorkommen, dass innerhalb dieses Onlineangebotes Inhalte Dritter, wie zum Beispiel Videos von YouTube, Kartenmaterial von Google-Maps oder Grafiken von anderen Webseiten eingebunden werden. Dies setzt immer voraus, dass die Anbieter dieser Inhalte (nachfolgend bezeichnet als &#8222;Dritt-Anbieter&#8220;) die IP-Adresse der Nutzer wahrnehmen. Denn ohne die IP-Adresse, k\u00f6nnten sie die Inhalte nicht an den Browser des jeweiligen Nutzers senden. Die IP-Adresse ist damit f\u00fcr die Darstellung dieser Inhalte erforderlich. Wir bem\u00fchen uns nur solche Inhalte zu verwenden, deren jeweilige Anbieter die IP-Adresse lediglich zur Auslieferung der Inhalte verwenden. Jedoch haben wir keinen Einfluss darauf, falls die Dritt-Anbieter die IP-Adresse z.B. f\u00fcr statistische Zwecke speichern. Soweit dies uns bekannt ist, kl\u00e4ren wir die Nutzer dar\u00fcber auf.<\/p>\n<p><strong>Cookies<br><\/strong>Auf Grundlage unserer berechtigten Interessen (Interesse an der Optimierung unseres Onlineangebots) verwendet diese Website Cookies. Cookies sind kleine Textdateien, die auf den Ger\u00e4ten der Nutzer gespeichert werden. Session-Cookies werden beim Schliessen des Browsers automatisch gel\u00f6scht. Andere Cookies haben ein Verfallsdatum oder bleiben permanent gespeichert, um Ihren Browser beim n\u00e4chsten Besuch wiederzuerkennen.<\/p>\n<p>Cookies bieten uns die M\u00f6glichkeit, Ihren Besuch auf unserer Website zu verfolgen, um so die Benutzerfreundlichkeit unserer Website zu verbessern. Weiter dienen Cookies f\u00fcr die Analyse der Nutzungsmodalit\u00e4ten unserer Website.<\/p>\n<p>Mehr dazu finden Sie hier:&nbsp;<a href=\"https:\/\/allaboutcookies.org\/ge-cookies-verwalten\">https:\/\/allaboutcookies.org\/ge-cookies-verwalten<\/a><\/p>\n<p>Sie k\u00f6nnen Cookies in den Einstellungen Ihres Browsers auch generell blockieren oder jederzeit l\u00f6schen. M\u00f6glicherweise stehen Ihnen dann nicht mehr alle Funktionen der Website zur Verf\u00fcgung.<\/p>\n<p><strong>Zweckgebundene Datenverwendung<br><\/strong>Wir beachten den Grundsatz der zweckgebundenen Datenverwendung und erheben, verarbeiten und speichern Ihre personenbezogenen Daten nur f\u00fcr die Zwecke, f\u00fcr die Sie sie uns mitgeteilt haben. Eine Weitergabe Ihrer pers\u00f6nlichen Daten an Dritte erfolgt ohne Ihre ausdr\u00fcckliche Einwilligung nicht, sofern dies nicht zur Erbringung der Dienstleistung oder zur Vertragsdurchf\u00fchrung notwendig ist. Auch die \u00dcbermittlung an auskunftsberechtigte staatliche Institution und Beh\u00f6rden erfolgt nur im Rahmen der gesetzlichen Auskunftspflichten oder wenn wir durch eine gerichtliche Entscheidung zur Auskunft verpflichtet werden.<\/p>\n<p>Auch den unternehmensinternen Datenschutz nehmen wir sehr ernst. Unsere Mitarbeiter und die von uns beauftragten Dienstleistungsunternehmen sind von uns zur Verschwiegenheit und zur Einhaltung der datenschutzrechtlichen Bestimmungen verpflichtet worden.<\/p>\n<p><strong>Auskunfts- und Widerrufsrecht<br><\/strong>Sie erhalten jederzeit ohne Angabe von Gr\u00fcnden Auskunft \u00fcber Ihre bei uns gespeicherten Daten. Sie k\u00f6nnen jederzeit Ihre bei uns erhobenen Daten sperren, berichtigen oder l\u00f6schen lassen und der anonymisierten oder pseudonymisierten Datenerhebung und -speicherung zu Optimierungszwecken unserer Website widersprechen. Auch k\u00f6nnen Sie jederzeit die uns erteilte Einwilligung zur Datenerhebung und Verwendung ohne Angaben von Gr\u00fcnden widerrufen. Wenden Sie sich hierzu bitte an info@cgsg.ch. Wir stehen Ihnen gern f\u00fcr weitergehende Fragen zu unserem Hinweisen zum Datenschutz und zur Verarbeitung Ihrer pers\u00f6nlichen Daten zur Verf\u00fcgung. Beachten sie, dass sich Datenschutzbestimmungen und Handhabungen zum Datenschutz, z. B. bei Google, laufend \u00e4ndern k\u00f6nnen. Es ist daher ratsam und erforderlich, sich \u00fcber Ver\u00e4nderungen der gesetzlichen Bestimmungen und der Praxis von Unternehmen, z. B. Google, laufend zu informieren.<\/p>\n<p><strong>Verlinkung auf Websites Dritter<br><\/strong>Diese Seite kann Links zu Websites Dritter oder Links zu externen Websites enthalten.<\/p>\n<p>Wir weisen darauf hin, dass diese Websites Dritter ihre eigenen Datenschutzrichtlinien haben und wir jegliche Haftung oder Verantwortung ablehnen. Wenn Sie Links Dritter folgen, tun Sie das auf eigene Verantwortung.<\/p>\n<p>\u00dcberpr\u00fcfen Sie die Datenschutzrichtlinien der Websites, dessen Links Sie folgen m\u00f6chten, bevor Sie personenbezogene Daten freiwillig an diese Websites weitergeben.<\/p>\n<p>Wenn Sie auf einen externen Link klicken, werden Daten zum Link-Ziel \u00fcbertragen, insbesondere ihre IP-Adresse, Datum und Uhrzeit des Aufrufs, \u00fcbertragene Datenmenge, Browserinformationen, die URL, von welcher Sie den Link angeklickt haben und weitere.<\/p>\n<p>Es kann vorkommen, dass einzelne externe Links einen Datentransfer ins Ausland bedeuten. Hierdurch kann es sein, dass ausl\u00e4ndische Dritte, Beh\u00f6rden oder Geheimdienste Verbindungsdaten erhalten. Informieren Sie sich diesbez\u00fcglich selbst oder klicken Sie auf keine externen Links.<\/p>\n<p>Stand: 1.9.2023<\/p>\n","protected":false},"excerpt":{"rendered":"<p>Informationen zum Datenschutz Das Thema Datenschutz ist uns sehr wichtig. An dieser Stelle finden Sie wertvolle Informationen zu Ihrem pers\u00f6nlichen Datenschutz. Unsere ausf\u00fchrliche Datenschutzerkl\u00e4rung finden Sie unter dem folgenden Link. Betrieb der Website und welche Daten der Betreiber speichert Hosting-Betreiber&hellip; <\/p>\n","protected":false},"author":2,"featured_media":0,"parent":0,"menu_order":0,"comment_status":"closed","ping_status":"closed","template":"","meta":{"ngg_post_thumbnail":0,"footnotes":""},"class_list":["post-15762","page","type-page","status-publish","hentry"],"_links":{"self":[{"href":"https:\/\/www.cgsg.ch\/index.php?rest_route=\/wp\/v2\/pages\/15762","targetHints":{"allow":["GET"]}}],"collection":[{"href":"https:\/\/www.cgsg.ch\/index.php?rest_route=\/wp\/v2\/pages"}],"about":[{"href":"https:\/\/www.cgsg.ch\/index.php?rest_route=\/wp\/v2\/types\/page"}],"author":[{"embeddable":true,"href":"https:\/\/www.cgsg.ch\/index.php?rest_route=\/wp\/v2\/users\/2"}],"replies":[{"embeddable":true,"href":"https:\/\/www.cgsg.ch\/index.php?rest_route=%2Fwp%2Fv2%2Fcomments&post=15762"}],"version-history":[{"count":1,"href":"https:\/\/www.cgsg.ch\/index.php?rest_route=\/wp\/v2\/pages\/15762\/revisions"}],"predecessor-version":[{"id":15763,"href":"https:\/\/www.cgsg.ch\/index.php?rest_route=\/wp\/v2\/pages\/15762\/revisions\/15763"}],"wp:attachment":[{"href":"https:\/\/www.cgsg.ch\/index.php?rest_route=%2Fwp%2Fv2%2Fmedia&parent=15762"}],"curies":[{"name":"wp","href":"https:\/\/api.w.org\/{rel}","templated":true}]}}