{"id":13420,"date":"2020-03-21T11:34:26","date_gmt":"2020-03-21T10:34:26","guid":{"rendered":"https:\/\/www.cgsg.ch\/?page_id=13420"},"modified":"2026-04-08T20:56:27","modified_gmt":"2026-04-08T18:56:27","slug":"restaurant-panorama-__","status":"publish","type":"page","link":"https:\/\/www.cgsg.ch\/?page_id=13420","title":{"rendered":"Restaurant  Panorama"},"content":{"rendered":"\t\t<div data-elementor-type=\"wp-page\" data-elementor-id=\"13420\" class=\"elementor elementor-13420\">\n\t\t\t\t<div class=\"elementor-element elementor-element-4c5fe943 e-flex e-con-boxed e-con e-parent\" data-id=\"4c5fe943\" data-element_type=\"container\" data-e-type=\"container\">\n\t\t\t\t\t<div class=\"e-con-inner\">\n\t\t\t\t<div class=\"elementor-element elementor-element-5d2509da elementor-widget elementor-widget-text-editor\" data-id=\"5d2509da\" data-element_type=\"widget\" data-e-type=\"widget\" data-widget_type=\"text-editor.default\">\n\t\t\t\t<div class=\"elementor-widget-container\">\n\t\t\t\t\t\t\t\t\t\n<h4>Restaurant &amp; Kiosk<\/h4>\n<div class=\"textItem\">\n<p>Liebe Panorama G\u00e4ste<\/p>\n<p>Unser Restaurant mit 50 Pl\u00e4tzen und einem grossen geschlossenen Sommergarten mit herrlicher Aussicht, steht inmitten eines sch\u00f6nen und gepflegten Campingplatzes.<\/p>\n<p><strong>Gerne begr\u00fcsst Euch unser P\u00e4chter Kim Y<\/strong><b>oo-Sang und sein Team und verw\u00f6hnt Euch mit seinen K\u00f6stlichkeiten aus der K\u00fcche. Der Betrieb ist seit Samstag, 28. M\u00e4rz 2026 wieder gestartet.<\/b><\/p>\n<\/div>\n<p>Reservationen nehmen Kim und sein Team gerne unter <strong><a href=\"mailto:panorama.restaurant@cgsg.ch\">panorama.restaurant@cgsg.ch<\/a><\/strong> oder unter der Telefonnummer <strong>071 695 14 64<\/strong> entgegen.<\/p>\n<div class=\"textItem\">\n<p>\u00a0<\/p>\n<p><strong>Veranstaltungen<\/strong><\/p>\n<p>\u00a0<\/p>\n<\/div>\n<div>\u00a0<\/div>\n<div>\n<p>\u00a0<\/p>\n<\/div>\n<div>\u00a0<\/div>\n<p>\u00a0<\/p>\n<div><span style=\"color: inherit; font-size: 1em; font-weight: 600;\">\u00a0 \u00a0 \u00a0 \u00a0 \u00a0 \u00a0 \u00a0 \u00a0 \u00a0 \u00a0 \u00a0 \u00a0 \u00a0 \u00a0 \u00a0 \u00a0 \u00a0<\/span><\/div>\n<div><span style=\"color: inherit; font-size: 1em; font-weight: 600;\">\u00a0 \u00a0 \u00a0 \u00a0 \u00a0 \u00a0 \u00a0 \u00a0 \u00a0 \u00a0 \u00a0 \u00a0 \u00a0 \u00a0 \u00a0 \u00a0 \u00a0<\/span><\/div>\n<p>\u00a0<\/p>\n<div>\n<h5 style=\"text-align: left;\">\u00a0<\/h5>\n<\/div>\n<div class=\"textItem\">\n<p>\u00a0<\/p>\n<\/div>\n\t\t\t\t\t\t\t\t<\/div>\n\t\t\t\t<\/div>\n\t\t\t\t\t<\/div>\n\t\t\t\t<\/div>\n\t\t\t\t<\/div>\n\t\t","protected":false},"excerpt":{"rendered":"<p>Restaurant &amp; Kiosk Liebe Panorama G\u00e4ste Unser Restaurant mit 50 Pl\u00e4tzen und einem grossen geschlossenen Sommergarten mit herrlicher Aussicht, steht inmitten eines sch\u00f6nen und gepflegten Campingplatzes. Gerne begr\u00fcsst Euch unser P\u00e4chter Kim Yoo-Sang und sein Team und verw\u00f6hnt Euch mit&hellip; <\/p>\n","protected":false},"author":2,"featured_media":0,"parent":289,"menu_order":0,"comment_status":"closed","ping_status":"closed","template":"","meta":{"ngg_post_thumbnail":0,"footnotes":""},"class_list":["post-13420","page","type-page","status-publish","hentry"],"_links":{"self":[{"href":"https:\/\/www.cgsg.ch\/index.php?rest_route=\/wp\/v2\/pages\/13420","targetHints":{"allow":["GET"]}}],"collection":[{"href":"https:\/\/www.cgsg.ch\/index.php?rest_route=\/wp\/v2\/pages"}],"about":[{"href":"https:\/\/www.cgsg.ch\/index.php?rest_route=\/wp\/v2\/types\/page"}],"author":[{"embeddable":true,"href":"https:\/\/www.cgsg.ch\/index.php?rest_route=\/wp\/v2\/users\/2"}],"replies":[{"embeddable":true,"href":"https:\/\/www.cgsg.ch\/index.php?rest_route=%2Fwp%2Fv2%2Fcomments&post=13420"}],"version-history":[{"count":63,"href":"https:\/\/www.cgsg.ch\/index.php?rest_route=\/wp\/v2\/pages\/13420\/revisions"}],"predecessor-version":[{"id":16707,"href":"https:\/\/www.cgsg.ch\/index.php?rest_route=\/wp\/v2\/pages\/13420\/revisions\/16707"}],"up":[{"embeddable":true,"href":"https:\/\/www.cgsg.ch\/index.php?rest_route=\/wp\/v2\/pages\/289"}],"wp:attachment":[{"href":"https:\/\/www.cgsg.ch\/index.php?rest_route=%2Fwp%2Fv2%2Fmedia&parent=13420"}],"curies":[{"name":"wp","href":"https:\/\/api.w.org\/{rel}","templated":true}]}}